{"id":924,"date":"2014-08-20T13:52:36","date_gmt":"2014-08-20T11:52:36","guid":{"rendered":"http:\/\/seventhqueen.com\/themes\/kleo\/demo-portfolio\/?page_id=924"},"modified":"2024-07-27T13:55:26","modified_gmt":"2024-07-27T11:55:26","slug":"entreprise","status":"publish","type":"page","link":"https:\/\/hf-services.eu\/index.php\/entreprise\/","title":{"rendered":"L&rsquo;Entreprise"},"content":{"rendered":"<p><head><!-- Google tag (gtag.js) --><br \/>\n<script async src=\"https:\/\/www.googletagmanager.com\/gtag\/js?id=G-9T50KQBGT0\"><\/script><br \/>\n<script>\n  window.dataLayer = window.dataLayer || [];\n  function gtag(){dataLayer.push(arguments);}\n  gtag('js', new Date());<\/p>\n<p>  gtag('config', 'G-9T50KQBGT0');\n<\/script><\/head><br \/>\n[vc_row type=\u00a0\u00bbcolor\u00a0\u00bb bg_color=\u00a0\u00bb#f8f8f8&Prime; padding_top=\u00a0\u00bb0&Prime; padding_bottom=\u00a0\u00bb0&Prime;][vc_column]<div  class=\"kleo-gap\" style=\"height:60px;line-height:60px;\"><\/div><div  class=\"kleo-gap\" style=\"height:60px;line-height:60px;\"><\/div>[vc_single_image image=\u00a0\u00bb1128&Prime; img_size=\u00a0\u00bbfull\u00a0\u00bb alignment=\u00a0\u00bbcenter\u00a0\u00bb]<div  class=\"kleo-gap\" style=\"height:60px;line-height:60px;\"><\/div>[\/vc_column][\/vc_row][vc_row text_color=\u00a0\u00bb#ffffff\u00a0\u00bb type=\u00a0\u00bbcolor\u00a0\u00bb bg_color=\u00a0\u00bb#2c3e50&Prime; padding_top=\u00a0\u00bb60&Prime; padding_bottom=\u00a0\u00bb60&Prime;][vc_column][vc_column_text]<\/p>\n<h2>Qui sommes-nous?<\/h2>\n<p>[\/vc_column_text][vc_row_inner][vc_column_inner][vc_column_text]<strong>HF Services<\/strong> est une entreprise sp\u00e9cialis\u00e9e dans le transport d&rsquo;effets personnels et professionnels, implant\u00e9e \u00e0 Dunkerque. Cr\u00e9\u00e9e en 2006, notre soci\u00e9t\u00e9 a su se d\u00e9marquer par son expertise et son d\u00e9vouement dans le domaine du d\u00e9m\u00e9nagement et du transport. Forts de notre exp\u00e9rience significative acquise au fil des ann\u00e9es, nous offrons des services de haute qualit\u00e9 adapt\u00e9s \u00e0 vos besoins sp\u00e9cifiques. Nous effectuons les d\u00e9m\u00e9nagements, les transport express et des tourn\u00e9es r\u00e9guli\u00e8re depuis Dunkerque vers tout le Nord Pas de Calais, la France enti\u00e8re et l&rsquo;Europe.[\/vc_column_text][vc_column_text]<\/p>\n<h3>Nos Services<\/h3>\n<p>[\/vc_column_text][vc_column_text]<strong>D\u00e9m\u00e9nagements de Particuliers :<\/strong> Que vous d\u00e9m\u00e9nagiez \u00e0 l&rsquo;autre bout de la ville ou \u00e0 l&rsquo;autre bout du pays, HF Services assure un transport s\u00e9curis\u00e9 et efficace de vos biens. Nous prenons en charge chaque \u00e9tape de votre d\u00e9m\u00e9nagement, de l&#8217;emballage au transport, jusqu&rsquo;\u00e0 l&rsquo;installation de vos meubles dans votre nouveau domicile.<\/p>\n<p><strong>Transports Professionnels :<\/strong> Nous comprenons l&rsquo;importance de la ponctualit\u00e9 et de la fiabilit\u00e9 dans le transport d&rsquo;effets professionnels. Notre \u00e9quipe d\u00e9di\u00e9e veille \u00e0 ce que vos \u00e9quipements et documents soient transport\u00e9s avec le plus grand soin, garantissant ainsi la continuit\u00e9 des activit\u00e9s de votre entreprise.<\/p>\n<p><strong>Transport Express :<\/strong> Besoin d&rsquo;un envoi rapide et s\u00fbr ? HF Services propose des solutions de transport express pour r\u00e9pondre \u00e0 vos urgences. Nous nous engageons \u00e0 livrer vos colis dans les plus brefs d\u00e9lais, partout en France et en Europe.<\/p>\n<p><strong>Tourn\u00e9es R\u00e9guli\u00e8res :<\/strong> Nous effectuons des tourn\u00e9es r\u00e9guli\u00e8res depuis Dunkerque vers tout le Nord Pas de Calais, couvrant \u00e9galement la France enti\u00e8re et l&rsquo;Europe. Notre r\u00e9seau logistique bien \u00e9tabli nous permet de vous offrir des services de transport r\u00e9guliers et fiables.<\/p>\n<h4>Nos Atouts<\/h4>\n<ul>\n<li><strong>Exp\u00e9rience et Expertise :<\/strong> Depuis notre cr\u00e9ation en 2006, nous avons d\u00e9velopp\u00e9 une connaissance approfondie du m\u00e9tier et des besoins de nos clients, nous permettant ainsi d\u2019offrir des prestations sur-mesure.<\/li>\n<li><strong>Qualit\u00e9 de Service :<\/strong> La satisfaction de nos clients est notre priorit\u00e9. Nous mettons un point d&rsquo;honneur \u00e0 fournir un service irr\u00e9prochable, du premier contact jusqu&rsquo;\u00e0 la livraison finale.<\/li>\n<li><strong>Flexibilit\u00e9 :<\/strong> Nous nous adaptons \u00e0 vos contraintes et vos d\u00e9lais, vous proposant des solutions personnalis\u00e9es et efficaces.<\/li>\n<li><strong>S\u00e9curit\u00e9 :<\/strong> Nous veillons \u00e0 ce que tous vos biens soient transport\u00e9s en toute s\u00e9curit\u00e9, gr\u00e2ce \u00e0 des \u00e9quipements adapt\u00e9s et une \u00e9quipe form\u00e9e aux meilleures pratiques du secteur.<\/li>\n<\/ul>\n<h4>Pourquoi Choisir HF Services ?<\/h4>\n<p>Choisir HF Services, c&rsquo;est opter pour la tranquillit\u00e9 d&rsquo;esprit et la garantie d&rsquo;un service professionnel. Nous sommes fiers de notre r\u00e9putation et de la confiance que nous accordent nos clients, particuliers et professionnels. Notre engagement envers l&rsquo;excellence et notre passion pour le m\u00e9tier nous motivent \u00e0 toujours offrir le meilleur service possible.<\/p>\n<p>Pour tous vos besoins en d\u00e9m\u00e9nagement et transport, faites confiance \u00e0 HF Services. Contactez-nous d\u00e8s aujourd&rsquo;hui pour obtenir un <a href=\"https:\/\/hf-services.eu\/index.php\/devis\/\">devis gratuit et personnalis\u00e9<\/a>.[\/vc_column_text][vc_column_text]<\/p>\n<p style=\"text-align: center;\"><strong>Entreprise enregistr\u00e9 au RCS DUNKERQUE<\/strong><br \/>\n<strong>N\u00b0 Siret : 788880292 &#8211; Code APE 4941 A<\/strong><\/p>\n<p>[\/vc_column_text][\/vc_column_inner][\/vc_row_inner][\/vc_column][\/vc_row]<\/p>\n","protected":false},"excerpt":{"rendered":"<p>[vc_row type=\u00a0\u00bbcolor\u00a0\u00bb bg_color=\u00a0\u00bb#f8f8f8&Prime; padding_top=\u00a0\u00bb0&Prime; padding_bottom=\u00a0\u00bb0&Prime;][vc_column][vc_single_image image=\u00a0\u00bb1128&Prime; img_size=\u00a0\u00bbfull\u00a0\u00bb alignment=\u00a0\u00bbcenter\u00a0\u00bb][\/vc_column][\/vc_row][vc_row text_color=\u00a0\u00bb#ffffff\u00a0\u00bb type=\u00a0\u00bbcolor\u00a0\u00bb bg_color=\u00a0\u00bb#2c3e50&Prime; padding_top=\u00a0\u00bb60&Prime; padding_bottom=\u00a0\u00bb60&Prime;][vc_column][vc_column_text] Qui sommes-nous? [\/vc_column_text][vc_row_inner][vc_column_inner][vc_column_text]HF Services est une entreprise sp\u00e9cialis\u00e9e dans le transport d&rsquo;effets personnels et professionnels, implant\u00e9e \u00e0 Dunkerque. Cr\u00e9\u00e9e en 2006, notre soci\u00e9t\u00e9 a su se d\u00e9marquer par son expertise et son d\u00e9vouement dans le domaine du d\u00e9m\u00e9nagement et du transport. Forts de notre exp\u00e9rience significative acquise [&hellip;]<\/p>\n","protected":false},"author":1,"featured_media":0,"parent":0,"menu_order":0,"comment_status":"closed","ping_status":"closed","template":"page-templates\/full-width.php","meta":{"jetpack_post_was_ever_published":false,"footnotes":""},"class_list":["post-924","page","type-page","status-publish","hentry"],"yoast_head":"<!-- This site is optimized with the Yoast SEO plugin v26.8 - https:\/\/yoast.com\/product\/yoast-seo-wordpress\/ -->\n<title>L&#039;Entreprise - HF SERVICES<\/title>\n<meta name=\"description\" content=\"HF SERVICES est une entreprise Dunkerquoise sp\u00e9cialis\u00e9e dans les d\u00e9m\u00e9nagements et les services de courrier express.\" \/>\n<meta name=\"robots\" content=\"index, follow, max-snippet:-1, max-image-preview:large, max-video-preview:-1\" \/>\n<link rel=\"canonical\" href=\"https:\/\/hf-services.eu\/index.php\/entreprise\/\" \/>\n<meta property=\"og:locale\" content=\"fr_FR\" \/>\n<meta property=\"og:type\" content=\"article\" \/>\n<meta property=\"og:title\" content=\"L&#039;Entreprise - HF SERVICES\" \/>\n<meta property=\"og:description\" content=\"HF SERVICES est une entreprise Dunkerquoise sp\u00e9cialis\u00e9e dans les d\u00e9m\u00e9nagements et les services de courrier express.\" \/>\n<meta property=\"og:url\" content=\"https:\/\/hf-services.eu\/index.php\/entreprise\/\" \/>\n<meta property=\"og:site_name\" content=\"HF SERVICES\" \/>\n<meta property=\"article:modified_time\" content=\"2024-07-27T11:55:26+00:00\" \/>\n<meta name=\"twitter:card\" content=\"summary_large_image\" \/>\n<meta name=\"twitter:label1\" content=\"Dur\u00e9e de lecture estim\u00e9e\" \/>\n\t<meta name=\"twitter:data1\" content=\"3 minutes\" \/>\n<script type=\"application\/ld+json\" class=\"yoast-schema-graph\">{\"@context\":\"https:\/\/schema.org\",\"@graph\":[{\"@type\":\"WebPage\",\"@id\":\"https:\/\/hf-services.eu\/index.php\/entreprise\/\",\"url\":\"https:\/\/hf-services.eu\/index.php\/entreprise\/\",\"name\":\"L'Entreprise - HF SERVICES\",\"isPartOf\":{\"@id\":\"https:\/\/hf-services.eu\/#website\"},\"datePublished\":\"2014-08-20T11:52:36+00:00\",\"dateModified\":\"2024-07-27T11:55:26+00:00\",\"description\":\"HF SERVICES est une entreprise Dunkerquoise sp\u00e9cialis\u00e9e dans les d\u00e9m\u00e9nagements et les services de courrier express.\",\"breadcrumb\":{\"@id\":\"https:\/\/hf-services.eu\/index.php\/entreprise\/#breadcrumb\"},\"inLanguage\":\"fr-FR\",\"potentialAction\":[{\"@type\":\"ReadAction\",\"target\":[\"https:\/\/hf-services.eu\/index.php\/entreprise\/\"]}]},{\"@type\":\"BreadcrumbList\",\"@id\":\"https:\/\/hf-services.eu\/index.php\/entreprise\/#breadcrumb\",\"itemListElement\":[{\"@type\":\"ListItem\",\"position\":1,\"name\":\"Accueil\",\"item\":\"https:\/\/hf-services.eu\/\"},{\"@type\":\"ListItem\",\"position\":2,\"name\":\"L&rsquo;Entreprise\"}]},{\"@type\":\"WebSite\",\"@id\":\"https:\/\/hf-services.eu\/#website\",\"url\":\"https:\/\/hf-services.eu\/\",\"name\":\"HF SERVICES\",\"description\":\"C&#039;est l&#039;exp\u00e9rience qui fait la diff\u00e9rence\",\"publisher\":{\"@id\":\"https:\/\/hf-services.eu\/#organization\"},\"potentialAction\":[{\"@type\":\"SearchAction\",\"target\":{\"@type\":\"EntryPoint\",\"urlTemplate\":\"https:\/\/hf-services.eu\/?s={search_term_string}\"},\"query-input\":{\"@type\":\"PropertyValueSpecification\",\"valueRequired\":true,\"valueName\":\"search_term_string\"}}],\"inLanguage\":\"fr-FR\"},{\"@type\":\"Organization\",\"@id\":\"https:\/\/hf-services.eu\/#organization\",\"name\":\"HF SERVICES\",\"url\":\"https:\/\/hf-services.eu\/\",\"logo\":{\"@type\":\"ImageObject\",\"inLanguage\":\"fr-FR\",\"@id\":\"https:\/\/hf-services.eu\/#\/schema\/logo\/image\/\",\"url\":\"http:\/\/hf-services.eu\/wp-content\/uploads\/2017\/09\/logo.png\",\"contentUrl\":\"http:\/\/hf-services.eu\/wp-content\/uploads\/2017\/09\/logo.png\",\"width\":1123,\"height\":237,\"caption\":\"HF SERVICES\"},\"image\":{\"@id\":\"https:\/\/hf-services.eu\/#\/schema\/logo\/image\/\"}}]}<\/script>\n<!-- \/ Yoast SEO plugin. -->","yoast_head_json":{"title":"L'Entreprise - HF SERVICES","description":"HF SERVICES est une entreprise Dunkerquoise sp\u00e9cialis\u00e9e dans les d\u00e9m\u00e9nagements et les services de courrier express.","robots":{"index":"index","follow":"follow","max-snippet":"max-snippet:-1","max-image-preview":"max-image-preview:large","max-video-preview":"max-video-preview:-1"},"canonical":"https:\/\/hf-services.eu\/index.php\/entreprise\/","og_locale":"fr_FR","og_type":"article","og_title":"L'Entreprise - HF SERVICES","og_description":"HF SERVICES est une entreprise Dunkerquoise sp\u00e9cialis\u00e9e dans les d\u00e9m\u00e9nagements et les services de courrier express.","og_url":"https:\/\/hf-services.eu\/index.php\/entreprise\/","og_site_name":"HF SERVICES","article_modified_time":"2024-07-27T11:55:26+00:00","twitter_card":"summary_large_image","twitter_misc":{"Dur\u00e9e de lecture estim\u00e9e":"3 minutes"},"schema":{"@context":"https:\/\/schema.org","@graph":[{"@type":"WebPage","@id":"https:\/\/hf-services.eu\/index.php\/entreprise\/","url":"https:\/\/hf-services.eu\/index.php\/entreprise\/","name":"L'Entreprise - HF SERVICES","isPartOf":{"@id":"https:\/\/hf-services.eu\/#website"},"datePublished":"2014-08-20T11:52:36+00:00","dateModified":"2024-07-27T11:55:26+00:00","description":"HF SERVICES est une entreprise Dunkerquoise sp\u00e9cialis\u00e9e dans les d\u00e9m\u00e9nagements et les services de courrier express.","breadcrumb":{"@id":"https:\/\/hf-services.eu\/index.php\/entreprise\/#breadcrumb"},"inLanguage":"fr-FR","potentialAction":[{"@type":"ReadAction","target":["https:\/\/hf-services.eu\/index.php\/entreprise\/"]}]},{"@type":"BreadcrumbList","@id":"https:\/\/hf-services.eu\/index.php\/entreprise\/#breadcrumb","itemListElement":[{"@type":"ListItem","position":1,"name":"Accueil","item":"https:\/\/hf-services.eu\/"},{"@type":"ListItem","position":2,"name":"L&rsquo;Entreprise"}]},{"@type":"WebSite","@id":"https:\/\/hf-services.eu\/#website","url":"https:\/\/hf-services.eu\/","name":"HF SERVICES","description":"C&#039;est l&#039;exp\u00e9rience qui fait la diff\u00e9rence","publisher":{"@id":"https:\/\/hf-services.eu\/#organization"},"potentialAction":[{"@type":"SearchAction","target":{"@type":"EntryPoint","urlTemplate":"https:\/\/hf-services.eu\/?s={search_term_string}"},"query-input":{"@type":"PropertyValueSpecification","valueRequired":true,"valueName":"search_term_string"}}],"inLanguage":"fr-FR"},{"@type":"Organization","@id":"https:\/\/hf-services.eu\/#organization","name":"HF SERVICES","url":"https:\/\/hf-services.eu\/","logo":{"@type":"ImageObject","inLanguage":"fr-FR","@id":"https:\/\/hf-services.eu\/#\/schema\/logo\/image\/","url":"http:\/\/hf-services.eu\/wp-content\/uploads\/2017\/09\/logo.png","contentUrl":"http:\/\/hf-services.eu\/wp-content\/uploads\/2017\/09\/logo.png","width":1123,"height":237,"caption":"HF SERVICES"},"image":{"@id":"https:\/\/hf-services.eu\/#\/schema\/logo\/image\/"}}]}},"jetpack_sharing_enabled":true,"jetpack_shortlink":"https:\/\/wp.me\/P92DWu-eU","_links":{"self":[{"href":"https:\/\/hf-services.eu\/index.php\/wp-json\/wp\/v2\/pages\/924","targetHints":{"allow":["GET"]}}],"collection":[{"href":"https:\/\/hf-services.eu\/index.php\/wp-json\/wp\/v2\/pages"}],"about":[{"href":"https:\/\/hf-services.eu\/index.php\/wp-json\/wp\/v2\/types\/page"}],"author":[{"embeddable":true,"href":"https:\/\/hf-services.eu\/index.php\/wp-json\/wp\/v2\/users\/1"}],"replies":[{"embeddable":true,"href":"https:\/\/hf-services.eu\/index.php\/wp-json\/wp\/v2\/comments?post=924"}],"version-history":[{"count":9,"href":"https:\/\/hf-services.eu\/index.php\/wp-json\/wp\/v2\/pages\/924\/revisions"}],"predecessor-version":[{"id":1273,"href":"https:\/\/hf-services.eu\/index.php\/wp-json\/wp\/v2\/pages\/924\/revisions\/1273"}],"wp:attachment":[{"href":"https:\/\/hf-services.eu\/index.php\/wp-json\/wp\/v2\/media?parent=924"}],"curies":[{"name":"wp","href":"https:\/\/api.w.org\/{rel}","templated":true}]}}