{"id":1091,"date":"2017-08-08T12:26:17","date_gmt":"2017-08-08T10:26:17","guid":{"rendered":"http:\/\/hf-services.eu\/?page_id=1091"},"modified":"2024-07-27T14:00:15","modified_gmt":"2024-07-27T12:00:15","slug":"devis","status":"publish","type":"page","link":"https:\/\/hf-services.eu\/index.php\/devis\/","title":{"rendered":"Devis"},"content":{"rendered":"<p><head><!-- Google tag (gtag.js) --><br \/>\n<script async src=\"https:\/\/www.googletagmanager.com\/gtag\/js?id=G-9T50KQBGT0\"><\/script><br \/>\n<script>\n  window.dataLayer = window.dataLayer || [];\n  function gtag(){dataLayer.push(arguments);}\n  gtag('js', new Date());<\/p>\n<p>  gtag('config', 'G-9T50KQBGT0');\n<\/script><\/head><br \/>\n[vc_row][vc_column width=\u00a0\u00bb1\/2&Prime;][vc_column_text]<\/p>\n<h2 style=\"text-align: center;\">DES DEVIS D\u00c9M\u00c9NAGEMENT PERSONNALIS\u00c9S, GRATUITS ET SANS ENGAGEMENT<\/h2>\n<p>[\/vc_column_text][vc_column_text responsive_font=\u00a0\u00bbyes\u00a0\u00bb]Chez HF Services, nous comprenons que chaque d\u00e9m\u00e9nagement ou transport est unique. C\u2019est pourquoi nous vous proposons un devis gratuit et sans engagement, adapt\u00e9 \u00e0 vos besoins sp\u00e9cifiques. Bas\u00e9s \u00e0 Dunkerque, nous sommes une PME locale qui offre des services de qualit\u00e9 en France et en Europe.<\/p>\n<h4>Pourquoi Choisir HF Services ?<\/h4>\n<ul>\n<li><strong>Rapidit\u00e9 et Efficacit\u00e9 :<\/strong> Nous nous engageons \u00e0 vous fournir un devis d\u00e9taill\u00e9 dans les plus brefs d\u00e9lais, pour que vous puissiez planifier votre d\u00e9m\u00e9nagement ou transport en toute s\u00e9r\u00e9nit\u00e9.<\/li>\n<li><strong>Transparence :<\/strong> Nos devis sont clairs et sans surprise. Vous conna\u00eetrez \u00e0 l\u2019avance tous les co\u00fbts associ\u00e9s \u00e0 notre prestation.<\/li>\n<li><strong>Personnalisation :<\/strong> Chaque devis est adapt\u00e9 \u00e0 vos besoins sp\u00e9cifiques, qu\u2019il s\u2019agisse d\u2019un d\u00e9m\u00e9nagement r\u00e9sidentiel, d\u2019un transfert d\u2019entreprise, ou d\u2019un transport sp\u00e9cialis\u00e9.<\/li>\n<li><strong>Accompagnement :<\/strong> Notre \u00e9quipe est \u00e0 votre \u00e9coute pour r\u00e9pondre \u00e0 toutes vos questions et vous accompagner tout au long de votre projet.<\/li>\n<\/ul>\n<p>Choisissez parmi <a href=\"https:\/\/hf-services.eu\/index.php\/services\/\">nos formules<\/a> la solution la plus adapt\u00e9e \u00e0 vos besoins. Ne laissez rien au hasard, confiez votre projet \u00e0 des professionnels exp\u00e9riment\u00e9s. Chez HF Services, nous mettons notre savoir-faire \u00e0 votre service pour que votre d\u00e9m\u00e9nagement ou transport se d\u00e9roule sans stress.<\/p>\n<h4>Comment Obtenir Votre Devis ?<\/h4>\n<ol>\n<li><strong>Remplissez notre formulaire en ligne :<\/strong> Indiquez-nous vos besoins en quelques clics.<\/li>\n<li><strong>Recevez votre devis personnalis\u00e9 :<\/strong> Notre \u00e9quipe analysera vos informations et vous enverra un devis d\u00e9taill\u00e9.<\/li>\n<li><strong>Contactez-nous pour finaliser les d\u00e9tails :<\/strong> Nous serons disponibles pour discuter des modalit\u00e9s et ajuster notre offre si n\u00e9cessaire.<\/li>\n<\/ol>\n<p>Consultez <a href=\"https:\/\/www.google.fr\/search?sca_esv=19d77d7eb1863703&amp;sca_upv=1&amp;sxsrf=ADLYWIJ16uRH_nqkpsOHcy2T2Imw_yG7kw:1718733427231&amp;uds=ADvngMjcH0KdF7qGWtwTBrP0nt7dKmkUh392tUsHy7LujpeW0mj9EasYNq3467xDjRCf2wNG5ghRia1q4W17dr0hDt4Qfzfa8Xd1efShazTSLO49M6WeqrLlL66aITsrGg9NCe5pmJLg&amp;si=ACC90nwjPmqJHrCEt6ewASzksVFQDX8zco_7MgBaIawvaF4-7loWR8ig9DjpyFdQFAp95JiIMLcOZEfes-DR8wIOX7AHyTPREtOscxa4jRH7X7sBOfhuHJ4HWAUKLuwQeurxpMUSgx3J&amp;q=H+F+Services+Avis&amp;hl=fr-FR&amp;sa=X&amp;ved=2ahUKEwjm5ZL73OWGAxXIVqQEHRGMDxwQ_4MLegQILxAL&amp;biw=1920&amp;bih=911&amp;dpr=1#ip=1\">ici<\/a> les avis de nos clients. Nous vous garantissons un service de qualit\u00e9 et une prise en charge compl\u00e8te. <strong>Contactez-nous d\u00e8s maintenant !<\/strong>[\/vc_column_text][\/vc_column][vc_column width=\u00a0\u00bb1\/2&Prime;]\n<div class=\"wpcf7 no-js\" id=\"wpcf7-f1196-o1\" lang=\"fr-FR\" dir=\"ltr\" data-wpcf7-id=\"1196\">\n<div class=\"screen-reader-response\"><p role=\"status\" aria-live=\"polite\" aria-atomic=\"true\"><\/p> <ul><\/ul><\/div>\n<form action=\"\/index.php\/wp-json\/wp\/v2\/pages\/1091#wpcf7-f1196-o1\" method=\"post\" class=\"wpcf7-form init\" aria-label=\"Formulaire de contact\" novalidate=\"novalidate\" data-status=\"init\">\n<fieldset class=\"hidden-fields-container\"><input type=\"hidden\" name=\"_wpcf7\" value=\"1196\" \/><input type=\"hidden\" name=\"_wpcf7_version\" value=\"6.1.5\" \/><input type=\"hidden\" name=\"_wpcf7_locale\" value=\"fr_FR\" \/><input type=\"hidden\" name=\"_wpcf7_unit_tag\" value=\"wpcf7-f1196-o1\" \/><input type=\"hidden\" name=\"_wpcf7_container_post\" value=\"0\" \/><input type=\"hidden\" name=\"_wpcf7_posted_data_hash\" value=\"\" \/><input type=\"hidden\" name=\"_wpcf7_recaptcha_response\" value=\"\" \/>\n<\/fieldset>\n<p><label> Votre nom (obligatoire)<br \/>\n<span class=\"wpcf7-form-control-wrap\" data-name=\"your-name\"><input size=\"40\" maxlength=\"400\" class=\"wpcf7-form-control wpcf7-text wpcf7-validates-as-required\" aria-required=\"true\" aria-invalid=\"false\" value=\"\" type=\"text\" name=\"your-name\" \/><\/span> <\/label>\n<\/p>\n<p><label> Votre e-mail (obligatoire)<br \/>\n<span class=\"wpcf7-form-control-wrap\" data-name=\"your-email\"><input size=\"40\" maxlength=\"400\" class=\"wpcf7-form-control wpcf7-email wpcf7-validates-as-required wpcf7-text wpcf7-validates-as-email\" aria-required=\"true\" aria-invalid=\"false\" value=\"\" type=\"email\" name=\"your-email\" \/><\/span> <\/label>\n<\/p>\n<p><label> Votre t\u00e9l\u00e9phone<br \/>\n<span class=\"wpcf7-form-control-wrap\" data-name=\"tel-73\"><input size=\"40\" maxlength=\"400\" class=\"wpcf7-form-control wpcf7-tel wpcf7-text wpcf7-validates-as-tel\" aria-invalid=\"false\" value=\"\" type=\"tel\" name=\"tel-73\" \/><\/span> <\/label>\n<\/p>\n<p><label> Prestation souhait\u00e9e (obligatoire)<br \/>\n<span class=\"wpcf7-form-control-wrap\" data-name=\"menu-185\"><select class=\"wpcf7-form-control wpcf7-select wpcf7-validates-as-required\" aria-required=\"true\" aria-invalid=\"false\" name=\"menu-185\"><option value=\"D\u00e9m\u00e9nagement particuliers\">D\u00e9m\u00e9nagement particuliers<\/option><option value=\"D\u00e9m\u00e9nagement entreprises\">D\u00e9m\u00e9nagement entreprises<\/option><option value=\"Course et Transport Express\">Course et Transport Express<\/option><option value=\"Tourn\u00e9e r\u00e9guli\u00e8res et messagerie\">Tourn\u00e9e r\u00e9guli\u00e8res et messagerie<\/option><\/select><\/span><\/label>\n<\/p>\n<p><label> Votre message<br \/>\n<span class=\"wpcf7-form-control-wrap\" data-name=\"your-message\"><textarea cols=\"40\" rows=\"10\" maxlength=\"2000\" class=\"wpcf7-form-control wpcf7-textarea\" aria-invalid=\"false\" name=\"your-message\"><\/textarea><\/span> <\/label>\n<\/p>\n\n<p><input class=\"wpcf7-form-control wpcf7-submit has-spinner\" type=\"submit\" value=\"Envoyer\" \/>\n<\/p><div class=\"wpcf7-response-output\" aria-hidden=\"true\"><\/div>\n<\/form>\n<\/div>\n[\/vc_column][\/vc_row]<\/p>\n","protected":false},"excerpt":{"rendered":"<p>[vc_row][vc_column width=\u00a0\u00bb1\/2&Prime;][vc_column_text] DES DEVIS D\u00c9M\u00c9NAGEMENT PERSONNALIS\u00c9S, GRATUITS ET SANS ENGAGEMENT [\/vc_column_text][vc_column_text responsive_font=\u00a0\u00bbyes\u00a0\u00bb]Chez HF Services, nous comprenons que chaque d\u00e9m\u00e9nagement ou transport est unique. C\u2019est pourquoi nous vous proposons un devis gratuit et sans engagement, adapt\u00e9 \u00e0 vos besoins sp\u00e9cifiques. Bas\u00e9s \u00e0 Dunkerque, nous sommes une PME locale qui offre des services de qualit\u00e9 en France et en Europe. Pourquoi Choisir [&hellip;]<\/p>\n","protected":false},"author":1,"featured_media":0,"parent":0,"menu_order":0,"comment_status":"closed","ping_status":"closed","template":"page-templates\/full-width.php","meta":{"jetpack_post_was_ever_published":false,"footnotes":""},"class_list":["post-1091","page","type-page","status-publish","hentry"],"yoast_head":"<!-- This site is optimized with the Yoast SEO plugin v26.8 - https:\/\/yoast.com\/product\/yoast-seo-wordpress\/ -->\n<title>Devis - HF SERVICES<\/title>\n<meta name=\"description\" content=\"Demandez un devis gratuit et personnalis\u00e9 pour vos besoins de d\u00e9m\u00e9nagement et transport \u00e0 Dunkerque, en France ou m\u00eame en Europe.\" \/>\n<meta name=\"robots\" content=\"index, follow, max-snippet:-1, max-image-preview:large, max-video-preview:-1\" \/>\n<link rel=\"canonical\" href=\"https:\/\/hf-services.eu\/index.php\/devis\/\" \/>\n<meta property=\"og:locale\" content=\"fr_FR\" \/>\n<meta property=\"og:type\" content=\"article\" \/>\n<meta property=\"og:title\" content=\"Devis - HF SERVICES\" \/>\n<meta property=\"og:description\" content=\"Demandez un devis gratuit et personnalis\u00e9 pour vos besoins de d\u00e9m\u00e9nagement et transport \u00e0 Dunkerque, en France ou m\u00eame en Europe.\" \/>\n<meta property=\"og:url\" content=\"https:\/\/hf-services.eu\/index.php\/devis\/\" \/>\n<meta property=\"og:site_name\" content=\"HF SERVICES\" \/>\n<meta property=\"article:modified_time\" content=\"2024-07-27T12:00:15+00:00\" \/>\n<meta name=\"twitter:card\" content=\"summary_large_image\" \/>\n<meta name=\"twitter:label1\" content=\"Dur\u00e9e de lecture estim\u00e9e\" \/>\n\t<meta name=\"twitter:data1\" content=\"2 minutes\" \/>\n<script type=\"application\/ld+json\" class=\"yoast-schema-graph\">{\"@context\":\"https:\/\/schema.org\",\"@graph\":[{\"@type\":\"WebPage\",\"@id\":\"https:\/\/hf-services.eu\/index.php\/devis\/\",\"url\":\"https:\/\/hf-services.eu\/index.php\/devis\/\",\"name\":\"Devis - HF SERVICES\",\"isPartOf\":{\"@id\":\"https:\/\/hf-services.eu\/#website\"},\"datePublished\":\"2017-08-08T10:26:17+00:00\",\"dateModified\":\"2024-07-27T12:00:15+00:00\",\"description\":\"Demandez un devis gratuit et personnalis\u00e9 pour vos besoins de d\u00e9m\u00e9nagement et transport \u00e0 Dunkerque, en France ou m\u00eame en Europe.\",\"breadcrumb\":{\"@id\":\"https:\/\/hf-services.eu\/index.php\/devis\/#breadcrumb\"},\"inLanguage\":\"fr-FR\",\"potentialAction\":[{\"@type\":\"ReadAction\",\"target\":[\"https:\/\/hf-services.eu\/index.php\/devis\/\"]}]},{\"@type\":\"BreadcrumbList\",\"@id\":\"https:\/\/hf-services.eu\/index.php\/devis\/#breadcrumb\",\"itemListElement\":[{\"@type\":\"ListItem\",\"position\":1,\"name\":\"Accueil\",\"item\":\"https:\/\/hf-services.eu\/\"},{\"@type\":\"ListItem\",\"position\":2,\"name\":\"Devis\"}]},{\"@type\":\"WebSite\",\"@id\":\"https:\/\/hf-services.eu\/#website\",\"url\":\"https:\/\/hf-services.eu\/\",\"name\":\"HF SERVICES\",\"description\":\"C&#039;est l&#039;exp\u00e9rience qui fait la diff\u00e9rence\",\"publisher\":{\"@id\":\"https:\/\/hf-services.eu\/#organization\"},\"potentialAction\":[{\"@type\":\"SearchAction\",\"target\":{\"@type\":\"EntryPoint\",\"urlTemplate\":\"https:\/\/hf-services.eu\/?s={search_term_string}\"},\"query-input\":{\"@type\":\"PropertyValueSpecification\",\"valueRequired\":true,\"valueName\":\"search_term_string\"}}],\"inLanguage\":\"fr-FR\"},{\"@type\":\"Organization\",\"@id\":\"https:\/\/hf-services.eu\/#organization\",\"name\":\"HF SERVICES\",\"url\":\"https:\/\/hf-services.eu\/\",\"logo\":{\"@type\":\"ImageObject\",\"inLanguage\":\"fr-FR\",\"@id\":\"https:\/\/hf-services.eu\/#\/schema\/logo\/image\/\",\"url\":\"http:\/\/hf-services.eu\/wp-content\/uploads\/2017\/09\/logo.png\",\"contentUrl\":\"http:\/\/hf-services.eu\/wp-content\/uploads\/2017\/09\/logo.png\",\"width\":1123,\"height\":237,\"caption\":\"HF SERVICES\"},\"image\":{\"@id\":\"https:\/\/hf-services.eu\/#\/schema\/logo\/image\/\"}}]}<\/script>\n<!-- \/ Yoast SEO plugin. -->","yoast_head_json":{"title":"Devis - HF SERVICES","description":"Demandez un devis gratuit et personnalis\u00e9 pour vos besoins de d\u00e9m\u00e9nagement et transport \u00e0 Dunkerque, en France ou m\u00eame en Europe.","robots":{"index":"index","follow":"follow","max-snippet":"max-snippet:-1","max-image-preview":"max-image-preview:large","max-video-preview":"max-video-preview:-1"},"canonical":"https:\/\/hf-services.eu\/index.php\/devis\/","og_locale":"fr_FR","og_type":"article","og_title":"Devis - HF SERVICES","og_description":"Demandez un devis gratuit et personnalis\u00e9 pour vos besoins de d\u00e9m\u00e9nagement et transport \u00e0 Dunkerque, en France ou m\u00eame en Europe.","og_url":"https:\/\/hf-services.eu\/index.php\/devis\/","og_site_name":"HF SERVICES","article_modified_time":"2024-07-27T12:00:15+00:00","twitter_card":"summary_large_image","twitter_misc":{"Dur\u00e9e de lecture estim\u00e9e":"2 minutes"},"schema":{"@context":"https:\/\/schema.org","@graph":[{"@type":"WebPage","@id":"https:\/\/hf-services.eu\/index.php\/devis\/","url":"https:\/\/hf-services.eu\/index.php\/devis\/","name":"Devis - HF SERVICES","isPartOf":{"@id":"https:\/\/hf-services.eu\/#website"},"datePublished":"2017-08-08T10:26:17+00:00","dateModified":"2024-07-27T12:00:15+00:00","description":"Demandez un devis gratuit et personnalis\u00e9 pour vos besoins de d\u00e9m\u00e9nagement et transport \u00e0 Dunkerque, en France ou m\u00eame en Europe.","breadcrumb":{"@id":"https:\/\/hf-services.eu\/index.php\/devis\/#breadcrumb"},"inLanguage":"fr-FR","potentialAction":[{"@type":"ReadAction","target":["https:\/\/hf-services.eu\/index.php\/devis\/"]}]},{"@type":"BreadcrumbList","@id":"https:\/\/hf-services.eu\/index.php\/devis\/#breadcrumb","itemListElement":[{"@type":"ListItem","position":1,"name":"Accueil","item":"https:\/\/hf-services.eu\/"},{"@type":"ListItem","position":2,"name":"Devis"}]},{"@type":"WebSite","@id":"https:\/\/hf-services.eu\/#website","url":"https:\/\/hf-services.eu\/","name":"HF SERVICES","description":"C&#039;est l&#039;exp\u00e9rience qui fait la diff\u00e9rence","publisher":{"@id":"https:\/\/hf-services.eu\/#organization"},"potentialAction":[{"@type":"SearchAction","target":{"@type":"EntryPoint","urlTemplate":"https:\/\/hf-services.eu\/?s={search_term_string}"},"query-input":{"@type":"PropertyValueSpecification","valueRequired":true,"valueName":"search_term_string"}}],"inLanguage":"fr-FR"},{"@type":"Organization","@id":"https:\/\/hf-services.eu\/#organization","name":"HF SERVICES","url":"https:\/\/hf-services.eu\/","logo":{"@type":"ImageObject","inLanguage":"fr-FR","@id":"https:\/\/hf-services.eu\/#\/schema\/logo\/image\/","url":"http:\/\/hf-services.eu\/wp-content\/uploads\/2017\/09\/logo.png","contentUrl":"http:\/\/hf-services.eu\/wp-content\/uploads\/2017\/09\/logo.png","width":1123,"height":237,"caption":"HF SERVICES"},"image":{"@id":"https:\/\/hf-services.eu\/#\/schema\/logo\/image\/"}}]}},"jetpack_sharing_enabled":true,"jetpack_shortlink":"https:\/\/wp.me\/P92DWu-hB","_links":{"self":[{"href":"https:\/\/hf-services.eu\/index.php\/wp-json\/wp\/v2\/pages\/1091","targetHints":{"allow":["GET"]}}],"collection":[{"href":"https:\/\/hf-services.eu\/index.php\/wp-json\/wp\/v2\/pages"}],"about":[{"href":"https:\/\/hf-services.eu\/index.php\/wp-json\/wp\/v2\/types\/page"}],"author":[{"embeddable":true,"href":"https:\/\/hf-services.eu\/index.php\/wp-json\/wp\/v2\/users\/1"}],"replies":[{"embeddable":true,"href":"https:\/\/hf-services.eu\/index.php\/wp-json\/wp\/v2\/comments?post=1091"}],"version-history":[{"count":7,"href":"https:\/\/hf-services.eu\/index.php\/wp-json\/wp\/v2\/pages\/1091\/revisions"}],"predecessor-version":[{"id":1275,"href":"https:\/\/hf-services.eu\/index.php\/wp-json\/wp\/v2\/pages\/1091\/revisions\/1275"}],"wp:attachment":[{"href":"https:\/\/hf-services.eu\/index.php\/wp-json\/wp\/v2\/media?parent=1091"}],"curies":[{"name":"wp","href":"https:\/\/api.w.org\/{rel}","templated":true}]}}