{"id":1081,"date":"2014-09-22T17:27:09","date_gmt":"2014-09-22T15:27:09","guid":{"rendered":"http:\/\/seventhqueen.com\/themes\/kleo\/demo-business\/?page_id=1081"},"modified":"2024-07-27T14:02:29","modified_gmt":"2024-07-27T12:02:29","slug":"contact","status":"publish","type":"page","link":"https:\/\/hf-services.eu\/index.php\/contact\/","title":{"rendered":"Contact"},"content":{"rendered":"<p><head><!-- Google tag (gtag.js) --><br \/>\n<script async src=\"https:\/\/www.googletagmanager.com\/gtag\/js?id=G-9T50KQBGT0\"><\/script><br \/>\n<script>\n  window.dataLayer = window.dataLayer || [];\n  function gtag(){dataLayer.push(arguments);}\n  gtag('js', new Date());<\/p>\n<p>  gtag('config', 'G-9T50KQBGT0');\n<\/script><\/head><br \/>\n[vc_row inner_container=\u00a0\u00bbno\u00a0\u00bb padding_top=\u00a0\u00bb0&Prime; padding_bottom=\u00a0\u00bb0&Prime; border=\u00a0\u00bbbottom\u00a0\u00bb][vc_column][vc_gmaps link=\u00a0\u00bb#E-8_JTNDaWZyYW1lJTIwc3JjJTNEJTIyaHR0cHMlM0ElMkYlMkZ3d3cuZ29vZ2xlLmNvbSUyRm1hcHMlMkZlbWJlZCUzRnBiJTNEJTIxMW0xOCUyMTFtMTIlMjExbTMlMjExZDI1MDkuMTcxNDkyNjY1NjAzJTIxMmQyLjM3NzMzMTQxNTc1MjUyMiUyMTNkNTEuMDMxNDUzMjc5NTU5NzklMjEybTMlMjExZjAlMjEyZjAlMjEzZjAlMjEzbTIlMjExaTEwMjQlMjEyaTc2OCUyMTRmMTMuMSUyMTNtMyUyMTFtMiUyMTFzMHg0N2RjOGFlNDYwMGNjNzUzJTI1M0EweDNiMWYxOGMzOTk4MjNkODYlMjEyc0glMkJGJTJCU2VydmljZXMlMjE1ZTAlMjEzbTIlMjExc2ZyJTIxMnNmciUyMTR2MTUwNTk3MzY2OTEwMSUyMiUyMHdpZHRoJTNEJTIyNjAwJTIyJTIwaGVpZ2h0JTNEJTIyNDUwJTIyJTIwZnJhbWVib3JkZXIlM0QlMjIwJTIyJTIwc3R5bGUlM0QlMjJib3JkZXIlM0EwJTIyJTIwYWxsb3dmdWxsc2NyZWVuJTNFJTNDJTJGaWZyYW1lJTNF\u00a0\u00bb size=\u00a0\u00bb450&Prime; css_animation=\u00a0\u00bbbounceIn\u00a0\u00bb type=\u00a0\u00bbm\u00a0\u00bb zoom=\u00a0\u00bb14&Prime;][\/vc_column][\/vc_row][vc_row border=\u00a0\u00bbbottom\u00a0\u00bb][vc_column width=\u00a0\u00bb1\/2&Prime;][vc_column_text]<\/p>\n<h4>Pour toutes demandes n&rsquo;h\u00e9sitez pas \u00e0 nous contacter. Utilisez le formulaire\u00a0 de contact ou nos coordonn\u00e9es ci-dessous. L&rsquo;\u00e9quipe HF Services s&rsquo;engage \u00e0 vous r\u00e9pondre dans les meilleurs d\u00e9lais.<\/h4>\n<h4>Nos bureaux<\/h4>\n<p><strong>Adresse :<\/strong><\/p>\n<p>H.F Services<\/p>\n<p>30 Rue Beaumont, 59140 Dunkerque.<\/p>\n<p><strong>Email : <\/strong><br \/>\n<a href=\"mailto:contact@hf-services.eu\">contact@hf-services.eu<\/a><\/p>\n<p><strong>T\u00e9l\u00e9phone : <\/strong><br \/>\n(+33) 0374060378<\/p>\n<p>(+33) 0622301563[\/vc_column_text][vc_single_image image=\u00a0\u00bb1128&Prime; img_size=\u00a0\u00bbmedium\u00a0\u00bb onclick=\u00a0\u00bbcustom_link\u00a0\u00bb link=\u00a0\u00bbhttps:\/\/hf-services.eu\u00a0\u00bb][\/vc_column][vc_column width=\u00a0\u00bb1\/2&Prime;][vc_column_text]Formulaire de contact.[\/vc_column_text]\n<div class=\"wpcf7 no-js\" id=\"wpcf7-f1197-o1\" lang=\"fr-FR\" dir=\"ltr\" data-wpcf7-id=\"1197\">\n<div class=\"screen-reader-response\"><p role=\"status\" aria-live=\"polite\" aria-atomic=\"true\"><\/p> <ul><\/ul><\/div>\n<form action=\"\/index.php\/wp-json\/wp\/v2\/pages\/1081#wpcf7-f1197-o1\" method=\"post\" class=\"wpcf7-form init\" aria-label=\"Formulaire de contact\" novalidate=\"novalidate\" data-status=\"init\">\n<fieldset class=\"hidden-fields-container\"><input type=\"hidden\" name=\"_wpcf7\" value=\"1197\" \/><input type=\"hidden\" name=\"_wpcf7_version\" value=\"6.1.5\" \/><input type=\"hidden\" name=\"_wpcf7_locale\" value=\"fr_FR\" \/><input type=\"hidden\" name=\"_wpcf7_unit_tag\" value=\"wpcf7-f1197-o1\" \/><input type=\"hidden\" name=\"_wpcf7_container_post\" value=\"0\" \/><input type=\"hidden\" name=\"_wpcf7_posted_data_hash\" value=\"\" \/><input type=\"hidden\" name=\"_wpcf7_recaptcha_response\" value=\"\" \/>\n<\/fieldset>\n<p><label> Votre nom (obligatoire)<br \/>\n<span class=\"wpcf7-form-control-wrap\" data-name=\"your-name\"><input size=\"40\" maxlength=\"400\" class=\"wpcf7-form-control wpcf7-text wpcf7-validates-as-required\" aria-required=\"true\" aria-invalid=\"false\" value=\"\" type=\"text\" name=\"your-name\" \/><\/span> <\/label>\n<\/p>\n<p><label> Votre e-mail (obligatoire)<br \/>\n<span class=\"wpcf7-form-control-wrap\" data-name=\"your-email\"><input size=\"40\" maxlength=\"400\" class=\"wpcf7-form-control wpcf7-email wpcf7-validates-as-required wpcf7-text wpcf7-validates-as-email\" aria-required=\"true\" aria-invalid=\"false\" value=\"\" type=\"email\" name=\"your-email\" \/><\/span> <\/label>\n<\/p>\n<p><label> Sujet<br \/>\n<span class=\"wpcf7-form-control-wrap\" data-name=\"your-subject\"><input size=\"40\" maxlength=\"400\" class=\"wpcf7-form-control wpcf7-text\" aria-invalid=\"false\" value=\"\" type=\"text\" name=\"your-subject\" \/><\/span> <\/label>\n<\/p>\n<p><label> Votre message<br \/>\n<span class=\"wpcf7-form-control-wrap\" data-name=\"your-message\"><textarea cols=\"40\" rows=\"10\" maxlength=\"2000\" class=\"wpcf7-form-control wpcf7-textarea\" aria-invalid=\"false\" name=\"your-message\"><\/textarea><\/span> <\/label>\n<\/p>\n\n<p><input class=\"wpcf7-form-control wpcf7-submit has-spinner\" type=\"submit\" value=\"Envoyer\" \/>\n<\/p><div class=\"wpcf7-response-output\" aria-hidden=\"true\"><\/div>\n<\/form>\n<\/div>\n[\/vc_column][\/vc_row]<\/p>\n","protected":false},"excerpt":{"rendered":"<p>[vc_row inner_container=\u00a0\u00bbno\u00a0\u00bb padding_top=\u00a0\u00bb0&Prime; padding_bottom=\u00a0\u00bb0&Prime; border=\u00a0\u00bbbottom\u00a0\u00bb][vc_column][vc_gmaps link=\u00a0\u00bb#E-8_JTNDaWZyYW1lJTIwc3JjJTNEJTIyaHR0cHMlM0ElMkYlMkZ3d3cuZ29vZ2xlLmNvbSUyRm1hcHMlMkZlbWJlZCUzRnBiJTNEJTIxMW0xOCUyMTFtMTIlMjExbTMlMjExZDI1MDkuMTcxNDkyNjY1NjAzJTIxMmQyLjM3NzMzMTQxNTc1MjUyMiUyMTNkNTEuMDMxNDUzMjc5NTU5NzklMjEybTMlMjExZjAlMjEyZjAlMjEzZjAlMjEzbTIlMjExaTEwMjQlMjEyaTc2OCUyMTRmMTMuMSUyMTNtMyUyMTFtMiUyMTFzMHg0N2RjOGFlNDYwMGNjNzUzJTI1M0EweDNiMWYxOGMzOTk4MjNkODYlMjEyc0glMkJGJTJCU2VydmljZXMlMjE1ZTAlMjEzbTIlMjExc2ZyJTIxMnNmciUyMTR2MTUwNTk3MzY2OTEwMSUyMiUyMHdpZHRoJTNEJTIyNjAwJTIyJTIwaGVpZ2h0JTNEJTIyNDUwJTIyJTIwZnJhbWVib3JkZXIlM0QlMjIwJTIyJTIwc3R5bGUlM0QlMjJib3JkZXIlM0EwJTIyJTIwYWxsb3dmdWxsc2NyZWVuJTNFJTNDJTJGaWZyYW1lJTNF\u00a0\u00bb size=\u00a0\u00bb450&Prime; css_animation=\u00a0\u00bbbounceIn\u00a0\u00bb type=\u00a0\u00bbm\u00a0\u00bb zoom=\u00a0\u00bb14&Prime;][\/vc_column][\/vc_row][vc_row border=\u00a0\u00bbbottom\u00a0\u00bb][vc_column width=\u00a0\u00bb1\/2&Prime;][vc_column_text] Pour toutes demandes n&rsquo;h\u00e9sitez pas \u00e0 nous contacter. Utilisez le formulaire\u00a0 de contact ou nos coordonn\u00e9es ci-dessous. L&rsquo;\u00e9quipe HF Services s&rsquo;engage \u00e0 vous r\u00e9pondre dans les meilleurs d\u00e9lais. Nos bureaux Adresse : H.F Services 30 Rue Beaumont, 59140 Dunkerque. Email : contact@hf-services.eu T\u00e9l\u00e9phone : (+33) 0374060378 (+33) 0622301563[\/vc_column_text][vc_single_image [&hellip;]<\/p>\n","protected":false},"author":1,"featured_media":0,"parent":0,"menu_order":0,"comment_status":"closed","ping_status":"closed","template":"page-templates\/full-width.php","meta":{"jetpack_post_was_ever_published":false,"footnotes":""},"class_list":["post-1081","page","type-page","status-publish","hentry"],"yoast_head":"<!-- This site is optimized with the Yoast SEO plugin v26.8 - https:\/\/yoast.com\/product\/yoast-seo-wordpress\/ -->\n<title>Contact - HF SERVICES<\/title>\n<meta name=\"description\" content=\"Contact - Pour toutes informations ou demande de devis. N&#039;h\u00e9sitez pas \u00e0 utiliser notre formulaire contact ou nos autres canaux de communication.\" \/>\n<meta name=\"robots\" content=\"index, follow, max-snippet:-1, max-image-preview:large, max-video-preview:-1\" \/>\n<link rel=\"canonical\" href=\"https:\/\/hf-services.eu\/index.php\/contact\/\" \/>\n<meta property=\"og:locale\" content=\"fr_FR\" \/>\n<meta property=\"og:type\" content=\"article\" \/>\n<meta property=\"og:title\" content=\"Contact - HF SERVICES\" \/>\n<meta property=\"og:description\" content=\"Contact - Pour toutes informations ou demande de devis. N&#039;h\u00e9sitez pas \u00e0 utiliser notre formulaire contact ou nos autres canaux de communication.\" \/>\n<meta property=\"og:url\" content=\"https:\/\/hf-services.eu\/index.php\/contact\/\" \/>\n<meta property=\"og:site_name\" content=\"HF SERVICES\" \/>\n<meta property=\"article:modified_time\" content=\"2024-07-27T12:02:29+00:00\" \/>\n<meta name=\"twitter:card\" content=\"summary_large_image\" \/>\n<meta name=\"twitter:label1\" content=\"Dur\u00e9e de lecture estim\u00e9e\" \/>\n\t<meta name=\"twitter:data1\" content=\"1 minute\" \/>\n<script type=\"application\/ld+json\" class=\"yoast-schema-graph\">{\"@context\":\"https:\/\/schema.org\",\"@graph\":[{\"@type\":\"WebPage\",\"@id\":\"https:\/\/hf-services.eu\/index.php\/contact\/\",\"url\":\"https:\/\/hf-services.eu\/index.php\/contact\/\",\"name\":\"Contact - HF SERVICES\",\"isPartOf\":{\"@id\":\"https:\/\/hf-services.eu\/#website\"},\"datePublished\":\"2014-09-22T15:27:09+00:00\",\"dateModified\":\"2024-07-27T12:02:29+00:00\",\"description\":\"Contact - Pour toutes informations ou demande de devis. N'h\u00e9sitez pas \u00e0 utiliser notre formulaire contact ou nos autres canaux de communication.\",\"breadcrumb\":{\"@id\":\"https:\/\/hf-services.eu\/index.php\/contact\/#breadcrumb\"},\"inLanguage\":\"fr-FR\",\"potentialAction\":[{\"@type\":\"ReadAction\",\"target\":[\"https:\/\/hf-services.eu\/index.php\/contact\/\"]}]},{\"@type\":\"BreadcrumbList\",\"@id\":\"https:\/\/hf-services.eu\/index.php\/contact\/#breadcrumb\",\"itemListElement\":[{\"@type\":\"ListItem\",\"position\":1,\"name\":\"Accueil\",\"item\":\"https:\/\/hf-services.eu\/\"},{\"@type\":\"ListItem\",\"position\":2,\"name\":\"Contact\"}]},{\"@type\":\"WebSite\",\"@id\":\"https:\/\/hf-services.eu\/#website\",\"url\":\"https:\/\/hf-services.eu\/\",\"name\":\"HF SERVICES\",\"description\":\"C&#039;est l&#039;exp\u00e9rience qui fait la diff\u00e9rence\",\"publisher\":{\"@id\":\"https:\/\/hf-services.eu\/#organization\"},\"potentialAction\":[{\"@type\":\"SearchAction\",\"target\":{\"@type\":\"EntryPoint\",\"urlTemplate\":\"https:\/\/hf-services.eu\/?s={search_term_string}\"},\"query-input\":{\"@type\":\"PropertyValueSpecification\",\"valueRequired\":true,\"valueName\":\"search_term_string\"}}],\"inLanguage\":\"fr-FR\"},{\"@type\":\"Organization\",\"@id\":\"https:\/\/hf-services.eu\/#organization\",\"name\":\"HF SERVICES\",\"url\":\"https:\/\/hf-services.eu\/\",\"logo\":{\"@type\":\"ImageObject\",\"inLanguage\":\"fr-FR\",\"@id\":\"https:\/\/hf-services.eu\/#\/schema\/logo\/image\/\",\"url\":\"http:\/\/hf-services.eu\/wp-content\/uploads\/2017\/09\/logo.png\",\"contentUrl\":\"http:\/\/hf-services.eu\/wp-content\/uploads\/2017\/09\/logo.png\",\"width\":1123,\"height\":237,\"caption\":\"HF SERVICES\"},\"image\":{\"@id\":\"https:\/\/hf-services.eu\/#\/schema\/logo\/image\/\"}}]}<\/script>\n<!-- \/ Yoast SEO plugin. -->","yoast_head_json":{"title":"Contact - HF SERVICES","description":"Contact - Pour toutes informations ou demande de devis. N'h\u00e9sitez pas \u00e0 utiliser notre formulaire contact ou nos autres canaux de communication.","robots":{"index":"index","follow":"follow","max-snippet":"max-snippet:-1","max-image-preview":"max-image-preview:large","max-video-preview":"max-video-preview:-1"},"canonical":"https:\/\/hf-services.eu\/index.php\/contact\/","og_locale":"fr_FR","og_type":"article","og_title":"Contact - HF SERVICES","og_description":"Contact - Pour toutes informations ou demande de devis. N'h\u00e9sitez pas \u00e0 utiliser notre formulaire contact ou nos autres canaux de communication.","og_url":"https:\/\/hf-services.eu\/index.php\/contact\/","og_site_name":"HF SERVICES","article_modified_time":"2024-07-27T12:02:29+00:00","twitter_card":"summary_large_image","twitter_misc":{"Dur\u00e9e de lecture estim\u00e9e":"1 minute"},"schema":{"@context":"https:\/\/schema.org","@graph":[{"@type":"WebPage","@id":"https:\/\/hf-services.eu\/index.php\/contact\/","url":"https:\/\/hf-services.eu\/index.php\/contact\/","name":"Contact - HF SERVICES","isPartOf":{"@id":"https:\/\/hf-services.eu\/#website"},"datePublished":"2014-09-22T15:27:09+00:00","dateModified":"2024-07-27T12:02:29+00:00","description":"Contact - Pour toutes informations ou demande de devis. N'h\u00e9sitez pas \u00e0 utiliser notre formulaire contact ou nos autres canaux de communication.","breadcrumb":{"@id":"https:\/\/hf-services.eu\/index.php\/contact\/#breadcrumb"},"inLanguage":"fr-FR","potentialAction":[{"@type":"ReadAction","target":["https:\/\/hf-services.eu\/index.php\/contact\/"]}]},{"@type":"BreadcrumbList","@id":"https:\/\/hf-services.eu\/index.php\/contact\/#breadcrumb","itemListElement":[{"@type":"ListItem","position":1,"name":"Accueil","item":"https:\/\/hf-services.eu\/"},{"@type":"ListItem","position":2,"name":"Contact"}]},{"@type":"WebSite","@id":"https:\/\/hf-services.eu\/#website","url":"https:\/\/hf-services.eu\/","name":"HF SERVICES","description":"C&#039;est l&#039;exp\u00e9rience qui fait la diff\u00e9rence","publisher":{"@id":"https:\/\/hf-services.eu\/#organization"},"potentialAction":[{"@type":"SearchAction","target":{"@type":"EntryPoint","urlTemplate":"https:\/\/hf-services.eu\/?s={search_term_string}"},"query-input":{"@type":"PropertyValueSpecification","valueRequired":true,"valueName":"search_term_string"}}],"inLanguage":"fr-FR"},{"@type":"Organization","@id":"https:\/\/hf-services.eu\/#organization","name":"HF SERVICES","url":"https:\/\/hf-services.eu\/","logo":{"@type":"ImageObject","inLanguage":"fr-FR","@id":"https:\/\/hf-services.eu\/#\/schema\/logo\/image\/","url":"http:\/\/hf-services.eu\/wp-content\/uploads\/2017\/09\/logo.png","contentUrl":"http:\/\/hf-services.eu\/wp-content\/uploads\/2017\/09\/logo.png","width":1123,"height":237,"caption":"HF SERVICES"},"image":{"@id":"https:\/\/hf-services.eu\/#\/schema\/logo\/image\/"}}]}},"jetpack_sharing_enabled":true,"jetpack_shortlink":"https:\/\/wp.me\/P92DWu-hr","_links":{"self":[{"href":"https:\/\/hf-services.eu\/index.php\/wp-json\/wp\/v2\/pages\/1081","targetHints":{"allow":["GET"]}}],"collection":[{"href":"https:\/\/hf-services.eu\/index.php\/wp-json\/wp\/v2\/pages"}],"about":[{"href":"https:\/\/hf-services.eu\/index.php\/wp-json\/wp\/v2\/types\/page"}],"author":[{"embeddable":true,"href":"https:\/\/hf-services.eu\/index.php\/wp-json\/wp\/v2\/users\/1"}],"replies":[{"embeddable":true,"href":"https:\/\/hf-services.eu\/index.php\/wp-json\/wp\/v2\/comments?post=1081"}],"version-history":[{"count":10,"href":"https:\/\/hf-services.eu\/index.php\/wp-json\/wp\/v2\/pages\/1081\/revisions"}],"predecessor-version":[{"id":1276,"href":"https:\/\/hf-services.eu\/index.php\/wp-json\/wp\/v2\/pages\/1081\/revisions\/1276"}],"wp:attachment":[{"href":"https:\/\/hf-services.eu\/index.php\/wp-json\/wp\/v2\/media?parent=1081"}],"curies":[{"name":"wp","href":"https:\/\/api.w.org\/{rel}","templated":true}]}}